{"id":20,"date":"2017-04-09T14:42:41","date_gmt":"2017-04-09T14:42:41","guid":{"rendered":"http:\/\/gereon-schloesser.ch\/wordpress\/?page_id=20"},"modified":"2020-01-28T01:32:22","modified_gmt":"2020-01-28T00:32:22","slug":"uhrmacheratelier-gereon-schloesser","status":"publish","type":"page","link":"https:\/\/gereon-schloesser.ch\/wordpress\/","title":{"rendered":"Start"},"content":{"rendered":"<div id=\"pl-20\"  class=\"panel-layout\" ><div id=\"pg-20-0\"  class=\"panel-grid panel-has-style\" ><div style=\"padding: 1px 0; \" data-overlay=\"true\" data-overlay-color=\"#000000\" class=\"panel-row-style panel-row-style-for-20-0\" ><div id=\"pgc-20-0-0\"  class=\"panel-grid-cell\" ><div id=\"panel-20-0-0-0\" class=\"so-panel widget widget_sow-editor panel-first-child panel-last-child\" data-index=\"0\" ><div style=\"text-align: left;\" data-title-color=\"#443f3f\" data-headings-color=\"#443f3f\" class=\"panel-widget-style panel-widget-style-for-20-0-0-0\" ><div\n\t\t\t\n\t\t\tclass=\"so-widget-sow-editor so-widget-sow-editor-base\"\n\t\t\t\n\t\t>\n<div class=\"siteorigin-widget-tinymce textwidget\">\n\t<h1 style=\"text-align: center;\">Willkommen auf meiner Webseite ! (DE)<\/h1>\n<h1 style=\"text-align: center;\">Bienvenue sur mon site internet ! (FR)<\/h1>\n<h1 style=\"text-align: center;\">Welcome on my Website ! (EN)<\/h1>\n<h1 style=\"text-align: center;\">Youtube: <a href=\"https:\/\/www.youtube.com\/channel\/UCPXR26BE3eZl1OJcmvW3JDA\/videos?\" target=\"_blank\" rel=\"noopener noreferrer\">Uhrmacheratelier Gereon Schl\u00f6sser<\/a><\/h1>\n<p>&nbsp;<\/p>\n<p>(DE)<br \/>\nLieber Besucher,<br \/>\nich freue mich, dass Sie mich im weiten All des w.orld w.ide w.eb's gefunden haben !<br \/>\nEs ist faszinierend, was man durch das Internet alles lernen und finden kann. Alles liegt einem unter den Fingerspitzen zur Verf\u00fcgung...<\/p>\n<p>Lange Zeit war ich selbst nur Nutzer des Internets, nun trage auch ich ein bisschen dazu bei. Ansich bin ich eher an Technik interessiert die sich noch reparieren l\u00e4sst.<br \/>\nBei I.C.'s (Chips) h\u00f6rt das leider alles auf. Keine Chance einen Widerstand auszul\u00f6ten... Beim R\u00f6hrenverst\u00e4rker &amp; R.Radio geht das noch (dank R\u00f6hrenverst\u00e4rkungskennlinie klingen diese menschenfreundlich...).<\/p>\n<p>&nbsp;<\/p>\n<p>\u00dcber das Uhrmacheratelier Gereon Schl\u00f6sser:<\/p>\n<p>Hier werden Ihre Uhren und technischen Sch\u00e4tze noch wirklich mit --Liebe--, Herz und Sorgfalt behandelt !<br \/>\nIch empfinde mich als Kunsthandwerker und f\u00fchle mich der h\u00f6chstm\u00f6glichen Qualit\u00e4t verpflichtet.<br \/>\nEtwas das heute meist durch das Anbeten von ewigem Wachstum (unm\u00f6glich, es gibt nur eine Mutter-Erde) und der damit verbunden \"Effizienssteigerung\" verloren gegangen ist...<br \/>\nDies ist meine Erfahrung, die ich u.a. in der Uhrenindustrie selbst erlebt habe (siehe hierzu <a href=\"https:\/\/gereon-schloesser.ch\/wordpress\/gereon-cv\/\" target=\"_blank\" rel=\"noopener noreferrer\">Gereon &amp; CV<\/a>).<br \/>\nWenn Sie w\u00fcssten was mit Ihren Uhren in den meisten Kundenservices passiert...<br \/>\nDas Uhrmacheratelier wurde im April 2016 gegr\u00fcndet und befindet sich im sch\u00f6nen Bergdorf <a href=\"http:\/\/www.bellwald.ch\/home\/webcams.php\" target=\"_blank\" rel=\"noopener noreferrer\">Bellwald<\/a> (1600m), Schweiz.<br \/>\nDie Ruhe und die sch\u00f6ne Landschaft hier schaffen beste Arbeitsbedingungen f\u00fcr mich.<\/p>\n<p>Meine T\u00e4tigkeitsgebiete sind u.a. die Reparatur, Restauration und Wartung mechanischer Uhren und feinmechanischer &amp; technischer Apparate (siehe weitere Details hierzu unter <a href=\"https:\/\/gereon-schloesser.ch\/wordpress\/service\/\" target=\"_blank\" rel=\"noopener noreferrer\">Services<\/a>), sowie die Fabrikation und Vertrieb meiner <a href=\"https:\/\/gereon-schloesser.ch\/wordpress\/products\/\" target=\"_blank\" rel=\"noopener noreferrer\">Produkte<\/a> .<\/p>\n<p>Auf den Seiten (Men\u00fc) k\u00f6nnen Sie st\u00f6bern und sich unter anderem \u00fcber mein Uhrmacheratelier informieren. Viel Spass dabei !<\/p>\n<p>&nbsp;<br \/>\nInternet und Computertechnik:<\/p>\n<p>F\u00fcr die Zukunft m\u00f6chte ich mich n\u00e4her mit dem <a href=\"https:\/\/de.wikipedia.org\/wiki\/C64\" target=\"_blank\" rel=\"noopener noreferrer\">C64<\/a>, Datasette (Filmtipp mit Grossraumcomputer: <a href=\"https:\/\/de.wikipedia.org\/wiki\/Eine_Frau,_die_alles_wei%C3%9F\" target=\"_blank\" rel=\"noopener noreferrer\">Eine Frau die alles weiss<\/a>) und Simons <a href=\"https:\/\/www.youtube.com\/watch?v=WYPNjSoDrqw\" target=\"_blank\" rel=\"noopener noreferrer\">B.A.S.I.C.<\/a> besch\u00e4ftigen. Der C64 bildet f\u00fcr mich die Grenze zwischen gestriger und heutiger Computertechnik. Hat man doch dort noch die Chance alles -wirklich- zu verstehen. Es ist wie Lego BASIC, also echtes Lego ohne diese ganzen Sonderteile. F\u00fcr das Verst\u00e4ndnis heutiger Computer braucht man leider ein Informatikstudium...<br \/>\nF\u00fcr alle die vom Computer genervt sind ... <a href=\"https:\/\/www.youtube.com\/watch?v=ocQOlG7aJt0\" target=\"_blank\" rel=\"noopener noreferrer\">bitte hier klicken<\/a><br \/>\nUnd um <a href=\"https:\/\/de.wikipedia.org\/wiki\/Konrad_Zuse\" target=\"_blank\" rel=\"noopener noreferrer\">Herrn Zuse<\/a> frei zu Zitieren: \"Wenn der Computer Sie zu sehr nervt, dann einfach mal den Stecker ziehen\" (+ offline in den real world -Wald &amp; Natur gehen- :o)<\/p>\n<p>&nbsp;<\/p>\n<p>Herzliche Gr\u00fcsse,<br \/>\nIhr<br \/>\nGereon Schl\u00f6sser<\/p>\n<p>&nbsp;<\/p>\n<p>(FR)<br \/>\nCher visiteur<br \/>\nJe suis content que vous me trouviez dans le vaste univers de w.orld w.ide w.eb!<br \/>\nC'est fascinant ce que vous pouvez apprendre et trouver par Internet. Tout est sous les doigts disponibles ...<\/p>\n<p>Pendant longtemps, je n'\u00e9tais qu'un utilisateur d'Internet, maintenant je lui contribue un peu. En fait, je suis plus int\u00e9ress\u00e9 par la technologie qui peut encore \u00eatre r\u00e9par\u00e9e.<br \/>\nChez I.C. (Chips), malheureusement, tout s'arr\u00eate. Pas de chance \u00e0 desouder une r\u00e9sistance ... Avec les amplificateurs de tubes et les radios de tubes, \u00e7a va encore (gr\u00e2ce \u00e0 la caract\u00e9ristique d'amplification du tube, cela est amical pour les humains ...).<\/p>\n<p>&nbsp;<\/p>\n<p>\u00c0 propos de l'Uhrmacheratelier Gereon Schl\u00f6sser (Atelier d'horlogers Gereon Schl\u00f6sser):<\/p>\n<p>Ici, vos montres et vos tr\u00e9sors techniques sont toujours trait\u00e9s avec amour, coeur et soin!<br \/>\nJe me percevoir en tant qu'artisan d'art et je me engage dans la meilleure qualit\u00e9 possible.<br \/>\nQuelque chose qui aujourd'hui est g\u00e9n\u00e9ralement perdu par le culte de la croissance \u00e9ternelle (impossible, il n'y a qu'une m\u00e8re-terre) et l'augmentation de \"l'efficacit\u00e9\"  ...<br \/>\nC'est mon exp\u00e9rience, que j'ai rencontr\u00e9e dans l'industrie horlog\u00e8re pour moi-m\u00eame (voir <a href=\"https:\/\/gereon-schloesser.ch\/wordpress\/gereon-cv\/\" target=\"_blank\" rel=\"noopener noreferrer\">Gereon &amp; CV<\/a>).<br \/>\nSi vous sauriez ce qui arrive \u00e0 vos montres dans la plupart des services clients ...<br \/>\nL'atelier d'horlogerie a \u00e9t\u00e9 fond\u00e9 en avril 2016 et est situ\u00e9 dans le magnifique village de montagne de <a href=\"http:\/\/www.bellwald.ch\/home\/webcams.php\" target=\"_blank\" rel=\"noopener noreferrer\">Bellwald<\/a> (1600 m), en Suisse.<br \/>\nLa paix et les beaux paysages cr\u00e9ent ici les meilleures conditions de travail.<\/p>\n<p>Mes domaines d'activit\u00e9 comprennent: la r\u00e9paration, la restauration et la maintenance de montres m\u00e9caniques et de appareils m\u00e9caniques et techniques (voir plus de d\u00e9tails sous <a href=\"https:\/\/gereon-schloesser.ch\/wordpress\/service\/\" target=\"_blank\" rel=\"noopener noreferrer\">services<\/a>), ainsi que la fabrication et la distribution de mes <a href=\"https:\/\/gereon-schloesser.ch\/wordpress\/products\/\" target=\"_blank\" rel=\"noopener noreferrer\">produits<\/a>.<\/p>\n<p>Sur les pages (menu), vous pouvez naviguer et vous informez sur mon atelier d'horlogerie (Uhrmacheratelier). Amusez vous!<\/p>\n<p>&nbsp;<br \/>\nInternet et informatique:<\/p>\n<p>Pour l'avenir, je voudrais me rapprocher de <a href=\"https:\/\/fr.wikipedia.org\/wiki\/C64\" target=\"_blank\" rel=\"noopener noreferrer\">C64<\/a>, Datasette (Tuyau de film avec un excellent ordinateur:   <a href=\"https:\/\/fr.wikipedia.org\/wiki\/Une_femme_de_t%C3%AAte\" target=\"_blank\" rel=\"noopener noreferrer\">Une femme de t\u00eate<\/a>) et Simons <a href=\"https:\/\/www.youtube.com\/watch?v=WYPNjSoDrqw\" target=\"_blank\" rel=\"noopener noreferrer\">B.A.S.I.C.<\/a>.<br \/>\nLe C64 est pour moi la fronti\u00e8re entre hier et la technologie informatique d'aujourd'hui. Vous avez toujours la possibilit\u00e9 de le comprendre -vraiment-. C'est comme Lego BASIC, tellement vrai Lego sans ces pi\u00e8ces sp\u00e9ciales. Pour la compr\u00e9hension de l'ordinateur d'aujourd'hui, il vous faut malheureusement une \u00e9tude sur l'informatique ...<br \/>\nPour tous ceux qui sont agac\u00e9s par l'ordinateur ... <a href=\"https:\/\/www.youtube.com\/watch?v=ocQOlG7aJt0\" target=\"_blank\" rel=\"noopener noreferrer\">cliquez ici<\/a>.<br \/>\nEt pour citer <a href=\"https:\/\/de.wikipedia.org\/wiki\/Konrad_Zuse\" target=\"_blank\" rel=\"noopener noreferrer\">M. Zuse<\/a> librement: \"Si l'ordinateur vous agace trop, tirez simplement la fiche\" (+ off-ligne, allez dans le real monde et For\u00eat et nature :o)  )<\/p>\n<p>&nbsp;<\/p>\n<p>Cordialement v\u00f4tre,<\/p>\n<p>Gereon Schl\u00f6sser<\/p>\n<p>&nbsp;<\/p>\n<p>(EN)<br \/>\nDear visitor,<br \/>\nI am glad that you have found me in the wide universe of the w.orld w.ide w.eb!<br \/>\nIt is fascinating what you can learn and find through the Internet. Everything is under your fingertips available ...<\/p>\n<p>For a long time, I was only a user of the Internet, now I contribute a bit to it. In fact, I'm more interested in technology that can still be repaired.<br \/>\nAt I.C.'s (Chips), unfortunately, everything stops. No chance to solder out a resistance ... With the tube amplifiers & tube radios it still goes (thanks to the tube amplification characteristic these are friendly to humans ...).<\/p>\n<p>&nbsp;<\/p>\n<p>About the Uhrmacheratelier Gereon Schl\u00f6sser (Watchmakers Atelier Gereon Schl\u00f6sser):<\/p>\n<p>Here your watches and technical treasures are still treated with -love-, heart and care!<br \/>\nI feel that I'm a craftsman of the arts trade and I am committed to the highest possible quality.<br \/>\nSomething that today is usually lost by the worship of eternal growth (impossible, there is only one mother-earth) and the associated \"efficiency increase\" ...<br \/>\nThis is my experience, which I encountered in the watch industry for myself (see <a href=\"https:\/\/gereon-schloesser.ch\/wordpress\/gereon-cv\/\" target=\"_blank\" rel=\"noopener noreferrer\">Gereon & CV<\/a>).<br \/>\nIf you would knew what happens to your watches in most customer services ...<br \/>\nThe Uhrmacheratelier was founded in April 2016 and is located in the beautiful mountain village <a href=\"http:\/\/www.bellwald.ch\/home\/webcams.php\" target=\"_blank\" rel=\"noopener noreferrer\">Bellwald<\/a> (1600m), Switzerland.<br \/>\nThe peace and the beautiful scenery here create the best working conditions for me.<\/p>\n<p>My fields of activity include: The repair, restoration and maintenance of mechanical watches and mechanical and technical devices (see further details under <a href=\"https:\/\/gereon-schloesser.ch\/wordpress\/service\/\" target=\"_blank\" rel=\"noopener noreferrer\">Services<\/a>), as well as the manufacture and distribution of my <a href=\"https:\/\/gereon-schloesser.ch\/wordpress\/products\/\" target=\"_blank\" rel=\"noopener noreferrer\">products<\/a>.<\/p>\n<p>On the pages (menu) you can browse and inform you about about my Watchmakers Atelier (Uhrmacheratelier). Have fun!<\/p>\n<p>&nbsp;<br \/>\nInternet and computer technology:<\/p>\n<p>For the future, I would like to get closer to the <a href=\"https:\/\/en.wikipedia.org\/wiki\/C64\" target=\"_blank\" rel=\"noopener noreferrer\">C64<\/a>, Datasette (Film hint with great computer: <a href=\"https:\/\/en.wikipedia.org\/wiki\/Desk_Set\" target=\"_blank\" rel=\"noopener noreferrer\">Desk Set<\/a>) and Simons <a href=\"https:\/\/www.youtube.com\/watch?v=WYPNjSoDrqw\" target=\"_blank\" rel=\"noopener noreferrer\">B.A.S.I.C.<\/a> The C64 is for me the border between yesterday and today's computer technology. There you still have the chance to understand it -really-. It is like Lego BASIC, so real Lego without these whole special parts. For the understanding of today's computer you need unfortunately a computer science study ...<br \/>\nFor all those who are annoyed by the computer ... <a href=\"https:\/\/www.youtube.com\/watch?v=ocQOlG7aJt0\" target=\"_blank\" rel=\"noopener noreferrer\">please click here<\/a>.<br \/>\nAnd to cite <a href=\"https:\/\/de.wikipedia.org\/wiki\/Konrad_Zuse\" target=\"_blank\" rel=\"noopener noreferrer\">Mr. Zuse<\/a> freely: \"If the computer annoys you too much, then just pull the plug\" (+ offline go to the real world -forest & nature- :o)<\/p>\n<p>&nbsp;<\/p>\n<p>Kind regards,<\/p>\n<p>Gereon Schl\u00f6sser<\/p>\n<\/div>\n<\/div><\/div><\/div><\/div><\/div><\/div><div id=\"pg-20-1\"  class=\"panel-grid panel-has-style\" ><div style=\"padding: 100px 0; \" data-overlay=\"true\" data-overlay-color=\"#000000\" class=\"panel-row-style panel-row-style-for-20-1\" ><div id=\"pgc-20-1-0\"  class=\"panel-grid-cell panel-grid-cell-empty\" ><\/div><\/div><\/div><\/div>","protected":false},"excerpt":{"rendered":"<p>Willkommen auf meiner Webseite ! (DE) Bienvenue sur mon site internet ! (FR) Welcome on my Website ! (EN) Youtube: Uhrmacheratelier Gereon Schl\u00f6sser &nbsp; (DE) Lieber Besucher, ich freue mich, dass Sie mich im weiten All des w.orld w.ide w.eb&#8217;s gefunden haben ! Es ist faszinierend, was man durch das Internet alles lernen und finden [&hellip;]<\/p>\n","protected":false},"author":1,"featured_media":0,"parent":0,"menu_order":0,"comment_status":"closed","ping_status":"closed","template":"page-templates\/page_front-page.php","meta":[],"_links":{"self":[{"href":"https:\/\/gereon-schloesser.ch\/wordpress\/wp-json\/wp\/v2\/pages\/20"}],"collection":[{"href":"https:\/\/gereon-schloesser.ch\/wordpress\/wp-json\/wp\/v2\/pages"}],"about":[{"href":"https:\/\/gereon-schloesser.ch\/wordpress\/wp-json\/wp\/v2\/types\/page"}],"author":[{"embeddable":true,"href":"https:\/\/gereon-schloesser.ch\/wordpress\/wp-json\/wp\/v2\/users\/1"}],"replies":[{"embeddable":true,"href":"https:\/\/gereon-schloesser.ch\/wordpress\/wp-json\/wp\/v2\/comments?post=20"}],"version-history":[{"count":108,"href":"https:\/\/gereon-schloesser.ch\/wordpress\/wp-json\/wp\/v2\/pages\/20\/revisions"}],"predecessor-version":[{"id":1530,"href":"https:\/\/gereon-schloesser.ch\/wordpress\/wp-json\/wp\/v2\/pages\/20\/revisions\/1530"}],"wp:attachment":[{"href":"https:\/\/gereon-schloesser.ch\/wordpress\/wp-json\/wp\/v2\/media?parent=20"}],"curies":[{"name":"wp","href":"https:\/\/api.w.org\/{rel}","templated":true}]}}