{"id":22,"date":"2017-04-09T14:43:23","date_gmt":"2017-04-09T14:43:23","guid":{"rendered":"http:\/\/gereon-schloesser.ch\/wordpress\/?page_id=22"},"modified":"2024-05-14T21:53:05","modified_gmt":"2024-05-14T19:53:05","slug":"contact","status":"publish","type":"page","link":"https:\/\/gereon-schloesser.ch\/wordpress\/contact\/","title":{"rendered":"Contact"},"content":{"rendered":"<div id=\"pl-22\"  class=\"panel-layout\" ><div id=\"pg-22-0\"  class=\"panel-grid panel-has-style\" ><div class=\"siteorigin-panels-stretch panel-row-style panel-row-style-for-22-0\" style=\"padding: 1px 0; \" data-stretch-type=\"full\" data-overlay=\"true\" data-overlay-color=\"#000000\" ><div id=\"pgc-22-0-0\"  class=\"panel-grid-cell\" ><div id=\"panel-22-0-0-0\" class=\"so-panel widget widget_sow-editor panel-first-child panel-last-child\" data-index=\"0\" ><div style=\"text-align: left;\" data-title-color=\"#443f3f\" data-headings-color=\"#443f3f\" class=\"panel-widget-style panel-widget-style-for-22-0-0-0\" ><div\n\t\t\t\n\t\t\tclass=\"so-widget-sow-editor so-widget-sow-editor-base\"\n\t\t\t\n\t\t>\n<div class=\"siteorigin-widget-tinymce textwidget\">\n\t<p><img loading=\"lazy\" class=\"aligncenter size-full wp-image-105\" src=\"https:\/\/gereon-schloesser.ch\/wordpress\/wp-content\/uploads\/2017\/04\/Kontakt.jpg\" alt=\"\" width=\"1024\" height=\"768\" \/><\/p>\n<p>&nbsp;<\/p>\n<p>(DE)<br \/>\nHier k\u00f6nnen Sie mit mir Kontakt aufnehmen und meine Produkte bestellen.<br \/>\nIch freue mich \u00fcber Ihr Interesse!<br \/>\nAm liebsten mag ich echte Briefe (Kontakt &amp; Bestellung)! Schreiben Sie mir.<\/p>\n<p>(FR)<br \/>\nIci, vous pouvez prendre contact avec moi et ordre mes produits.<br \/>\nJe me rejouis sur votre int\u00e9r\u00eat!<br \/>\nJ'adore les vrai lettres (Contact et Commandes)! Evrivez moi.<\/p>\n<p>(EN)<br \/>\nHere, you can get in contact with me and order my products.<br \/>\nI'm happy about your interest!<br \/>\nI love real letters (Contact &amp; Orders)! Write me.<\/p>\n<p>&nbsp;<\/p>\n<p>Postadresse, Adresse postal, Postal address &amp;<br \/>\nImpressum, mention des responsables de l'edition et du contenu, Imprint :<\/p>\n<p>&nbsp;<\/p>\n<p>(Gereon Schl\u00f6sser),<br \/>\nUhrmacheratelier G\u00e9r\u00e9on Schl\u00f6sser,<br \/>\nDorfgasse 1,<br \/>\nChalet: Zur Alten M\u00fchle,<br \/>\nCH - 3997 Bellwald, VS (Valais)<br \/>\nSuisse<\/p>\n<p>Telephone: +41 79 63 22 16 2<br \/>\neMail: email@gereon-schloesser.ch<\/p>\n<p>&nbsp;<\/p>\n<p>F\u00fcr Bezahlung und Spenden+<br \/>\nFor payment and donations+<br \/>\nPour payement et dons+<\/p>\n<p>Bankverbindung - coordonn\u00e9es bancaires - Bank details :<br \/>\nM.<br \/>\nGereon Schloesser,<br \/>\nDorfgasse 1,<br \/>\nChalet: Zur alten Muehle,<br \/>\nCH-3997 Bellwald,<br \/>\nBanque Raiffeisen Nyon \u2013 La Vall\u00e9e,<br \/>\nI.B.A.N: CH54 8044 2000 0527 4217 0<br \/>\nB.I.C.: RAIFCH22<\/p>\n<p>Paypal:<br \/>\npaypal@gereon-schloesser.ch<\/p>\n<p>&nbsp;<\/p>\n<p><a href=\"https:\/\/gereon-schloesser.ch\/datenschutz-protection-des-donnees-data-protection\/\" target=\"_blank\" rel=\"noopener noreferrer\">Datenschutz - Protection des donn\u00e9es - Data Protection<\/a><\/p>\n<\/div>\n<\/div><\/div><\/div><\/div><\/div><\/div><\/div>","protected":false},"excerpt":{"rendered":"<p>&nbsp; (DE) Hier k\u00f6nnen Sie mit mir Kontakt aufnehmen und meine Produkte bestellen. Ich freue mich \u00fcber Ihr Interesse! Am liebsten mag ich echte Briefe (Kontakt &amp; Bestellung)! Schreiben Sie mir. (FR) Ici, vous pouvez prendre contact avec moi et ordre mes produits. Je me rejouis sur votre int\u00e9r\u00eat! J&#8217;adore les vrai lettres (Contact et [&hellip;]<\/p>\n","protected":false},"author":1,"featured_media":0,"parent":0,"menu_order":0,"comment_status":"closed","ping_status":"closed","template":"page-templates\/page_fullwidth.php","meta":[],"_links":{"self":[{"href":"https:\/\/gereon-schloesser.ch\/wordpress\/wp-json\/wp\/v2\/pages\/22"}],"collection":[{"href":"https:\/\/gereon-schloesser.ch\/wordpress\/wp-json\/wp\/v2\/pages"}],"about":[{"href":"https:\/\/gereon-schloesser.ch\/wordpress\/wp-json\/wp\/v2\/types\/page"}],"author":[{"embeddable":true,"href":"https:\/\/gereon-schloesser.ch\/wordpress\/wp-json\/wp\/v2\/users\/1"}],"replies":[{"embeddable":true,"href":"https:\/\/gereon-schloesser.ch\/wordpress\/wp-json\/wp\/v2\/comments?post=22"}],"version-history":[{"count":122,"href":"https:\/\/gereon-schloesser.ch\/wordpress\/wp-json\/wp\/v2\/pages\/22\/revisions"}],"predecessor-version":[{"id":1791,"href":"https:\/\/gereon-schloesser.ch\/wordpress\/wp-json\/wp\/v2\/pages\/22\/revisions\/1791"}],"wp:attachment":[{"href":"https:\/\/gereon-schloesser.ch\/wordpress\/wp-json\/wp\/v2\/media?parent=22"}],"curies":[{"name":"wp","href":"https:\/\/api.w.org\/{rel}","templated":true}]}}