{"id":224,"date":"2017-04-22T00:19:03","date_gmt":"2017-04-21T22:19:03","guid":{"rendered":"http:\/\/gereon-schloesser.ch\/wordpress\/?page_id=224"},"modified":"2021-08-31T00:07:08","modified_gmt":"2021-08-30T22:07:08","slug":"service","status":"publish","type":"page","link":"https:\/\/gereon-schloesser.ch\/wordpress\/service\/","title":{"rendered":"Services"},"content":{"rendered":"<div id=\"pl-224\"  class=\"panel-layout\" ><div id=\"pg-224-0\"  class=\"panel-grid panel-has-style\" ><div style=\"padding: 1px 0; \" data-overlay=\"true\" data-overlay-color=\"#000000\" class=\"panel-row-style panel-row-style-for-224-0\" ><div id=\"pgc-224-0-0\"  class=\"panel-grid-cell\" ><div id=\"panel-224-0-0-0\" class=\"so-panel widget widget_sow-editor panel-first-child panel-last-child\" data-index=\"0\" ><div style=\"text-align: left;\" data-title-color=\"#443f3f\" data-headings-color=\"#443f3f\" class=\"panel-widget-style panel-widget-style-for-224-0-0-0\" ><div\n\t\t\t\n\t\t\tclass=\"so-widget-sow-editor so-widget-sow-editor-base\"\n\t\t\t\n\t\t>\n<div class=\"siteorigin-widget-tinymce textwidget\">\n\t<p>(DE)<br \/>\nIch k\u00fcmmere mich um Ihr Schiff, Ihren Zug (Live Steam und elektrisch), Ihr Flugzeug (leider noch ohne Abbildung) und Ihr Auto ...<\/p>\n<p>(FR)<br \/>\nJe prends soin de votre bateau, votre train (Live Steam et electrique), votre avion (malheureusement encore sans image) et votre voiture ... <\/p>\n<p>(EN)<br \/>\nI take care of your Ship, your Train (Live Steam and electric), your Plane (unfortunately still no photo) and your car ... <\/p>\n<p><img loading=\"lazy\" class=\"aligncenter size-full wp-image-102\" src=\"https:\/\/gereon-schloesser.ch\/wordpress\/wp-content\/uploads\/2017\/04\/Blechspielzeuge.jpg\" alt=\"\" width=\"1024\" height=\"768\" \/><\/p>\n<p>&nbsp;<\/p>\n<p>(DE)<br \/>\nIch bin Ihr Partner f\u00fcr die Reparatur, Restauration und Wartung Ihrer mechanischen Uhren und feinmechanischen &amp; technischen Apparate unter h\u00f6chsten qualitativen Anspr\u00fcchen.<\/p>\n<p>Alles wird bei mir mit Geduld, Ruhe, Liebe und Herz gemacht.<\/p>\n<p>Auf Wunsch wird f\u00fcr Ihren Auftrag auch eine Photodokumentation angefertigt.<br \/>\nSomit k\u00f6nnen Sie meine Arbeiten nachverfolgen und verstehen.<\/p>\n<p>Ich erstelle meine Kostenvoranschl\u00e4ge kostenfrei (ausgenommen Verpackung und Versand- und Transportkosten).<\/p>\n<p>F\u00fcr gr\u00f6\u00dfere Uhren &amp; Sch\u00e4tze empfehle ich eine Verpackung eines innen Kartons (\"schwimmend\" gepolstert) in einem (Versand-) aussen Karton.<br \/>\n&nbsp;<\/p>\n<p>GRUNDPREIS:<\/p>\n<p>Um sowohl mir, als auch Ihnen, meinem potenziellen Kunden, unn\u00f6tiges Hin und Her zu ersparen, gebe ich hier mal einen Rahmen meiner \u00fcblichen Arbeiten und Preise wieder:<\/p>\n<p>Wenn Sie mir eine Uhr oder feinmechanischen Apparat (Grammophon, 16mm Filmkamera-Filmprojektor, Dampfmaschinen, Schreibmaschine\/Telex, Telephon, Blechspielzeug usw.) geben der soweit noch komplett ist und \"\"NUR\"\" eine Wartung braucht, liegt die Preisspanne bei mindestens CHF 800.- bis plus CHF ~1'500.- abh\u00e4ngig davon wie komplex die Mechanik ist. <\/p>\n<p>Bei Restaurationen und Reparaturen kommt zu dem Grundpreis noch der weitere Aufwand (z.B. Anfertigung von Ersatzteilen, Beispiel: eine Unruhwelle = 1 Tag Arbeit) hinzu.<\/p>\n<p>Es werden Photos vor der Demontage gemacht. Alles (%) wird demontiert. Alles wird korrigiert und repariert was n\u00f6tig ist. Alles wird gereinigt und ggf. poliert-(Z\u00e4hne, Lager, Zapfen). Es werden Photos der gereinigten Teile gemacht. Alles wird wieder montiert und eingestellt (z.B. Hemmung und Schlagwerk). Alles wird ge\u00f6lt und gefettet. Bei Uhren wird mit der Zeitwaage der Gang eingestellt. Probelauf der Gangreserve (h\u00e4ufig min. 36 Std.) und bei Gro\u00dfuhren min. eine Woche Gangfeineinstellung.<\/p>\n<p>Ein \u00d6lwechsel wie bei einem Auto w\u00e4re sch\u00f6n, aber bei Uhren u.\u00e4. ist dies komplett anders.<br \/>\nBei Feinmechanik wird meist fast alles demontiert.<br \/>\nDaher braucht man meist mehrere Tage Arbeit, besonders wenn man RICHTIG und hochqualitativ arbeitet.<br \/>\n&nbsp;<\/p>\n<p>WARTUNGSINTERVALLE:<\/p>\n<p>Tragen sie eine Armbanduhr jeden Tag, so sollten sie nach ~3 Jahren eine Wartung einplanen.<br \/>\nBei Taschenuhren (die jeden Tag laufen) alle ~5 Jahre.<br \/>\nBei Gro\u00dfuhren (die jeden Tag laufen) alle ~10 Jahre.<\/p>\n<p>Uhrmacher\u00f6le halten max. 20 Jahre (was schon enorm lang ist, chemische Prozesse, mechanischer Verbrauch - walken etc., Luftkontakt, Temperaturschwankungen, etc. !).<br \/>\nNach den angegebenen Zeiten k\u00f6nnen sie z.B., zu besonderen Tagen, die Uhrwerke 3 oder 4 Tage mal im Jahr aufziehen und laufen lassen (innerhalb der 20 Jahre nach letzter Wartung).<br \/>\nSollten Sie jedoch diese wieder t\u00e4glich nutzen wollen, sollten Sie eine Wartung machen lassen, da sich der Verschleiss sonst zu stark bemerkbar macht, und Ihre n\u00e4chste Wartung durch diese Sch\u00e4den deutlich teurer wird!<br \/>\n&nbsp;<\/p>\n<p>GARANTIE:<\/p>\n<p>Ich gebe auf alle von mir get\u00e4tigen Arbeiten ein Jahr Garantie und stehe gerne auch danach hilfsbereit zur Verf\u00fcgung.<br \/>\n&nbsp;<\/p>\n<p>TIP f\u00fcr den Sch\u00e4tze Sammler:<\/p>\n<p>Haben Sie lieber eine KLEINE Sammlung mit GROSSEN Sch\u00e4tzen als umgekehrt.<br \/>\nKonzentrieren Sie sich auf wenige, aber sehr sch\u00f6ne Dinge. Dann k\u00f6nnen Sie auch alle Ihre Sch\u00e4tze warten lassen und im besten Zustand halten.<br \/>\nDieser Tip l\u00e4sst sich auch auf vieles andere im Leben anwenden xD .<\/p>\n<p>&nbsp;<\/p>\n<p>(FR)<br \/>\nJe suis votre partenaire pour la r\u00e9paration, la restauration et l'entretien de vos montres, appareils m\u00e9caniques pr\u00e9cision et techniques dans les plus hauts standards de qualit\u00e9.<\/p>\n<p>Tout est fait avec de la patience, le tranquillit\u00e9, l'amour et le coeur.<\/p>\n<p>Sur demande une documentation photographique est fait pour votre commission.<br \/>\nPar cons\u00e9quent, vous pouvez suivre et comprendre mon travail.<\/p>\n<p>Je fais mon devis gratuitement (sauf l'emballage et frais postal ou transport).<\/p>\n<p>Pour les grandes horloges et tr\u00e9sors, je recommande d'avoir un carton d'emballage int\u00e9rieur ( \u00ab flottant \u00bb rembourr\u00e9) dans un carton d'emballage ext\u00e9rieur (exp\u00e9dition).<br \/>\n&nbsp;<\/p>\n<p>PRIX DE BASE :<\/p>\n<p>Pour nous \u00e9viter, \u00e0 vous et \u00e0 moi, mon client potentiel, des allers-retours inutiles, je vais vous donner ici un cadre de mon travail et de mes prix habituels :<\/p>\n<p>Si vous me donnez une horloge ou un appareil de m\u00e9canique fine (gramophone, cam\u00e9ra-projecteur de film pour 16 mm, machines \u00e0 vapeur, machine \u00e0 \u00e9crire\/t\u00e9lex, t\u00e9l\u00e9phone, jouet en fer-blanc, etc.) qui est encore complet dans sa conception et qui n\u00e9cessite \"SEULEMENT\" de l'entretien, la fourchette de prix est d'au moins CHF 800.- \u00e0 plus CHF ~1'500.- selon la complexit\u00e9 de la m\u00e9canique.<\/p>\n<p>Pour les restaurations et les r\u00e9parations, les travaux suppl\u00e9mentaires (par exemple la production de pi\u00e8ces de rechange, exemple : un axe balancier = 1 jour de travail) sont ajout\u00e9s au prix de base.<\/p>\n<p>Les photos sont prises avant le d\u00e9montage. Tout (%) est d\u00e9sassembl\u00e9. Tout est corrig\u00e9 et r\u00e9par\u00e9 selon les besoins. Tout est nettoy\u00e9 et poli-(dents, roulements, pivots). Des photos sont prises des parties nettoy\u00e9es. Tout est remont\u00e9 et ajust\u00e9 (par exemple, l'\u00e9chappement et le m\u00e9canisme de sonnerie). Tout est huil\u00e9 et graiss\u00e9. Pour les montres, la marche est ajust\u00e9 avec un vibrographe (balance du temps). Test de la r\u00e9serve de marche (souvent min. 36 heures) et, avec les grandes horloges\/pendules, r\u00e9glage fin de la marche d'une semaine au minimum.<\/p>\n<p>Une vidange d'huile comme pour une voiture serait bien, mais pour les montres, etc. c'est compl\u00e8tement diff\u00e9rent.<br \/>\nAvec la m\u00e9canique de pr\u00e9cision, presque tout est g\u00e9n\u00e9ralement d\u00e9mont\u00e9.<br \/>\nIl faut donc g\u00e9n\u00e9ralement plusieurs jours de travail, surtout s'il est fait CORRECTEMENT et avec une grande qualit\u00e9.<br \/>\n&nbsp;<\/p>\n<p>LES INTERVALLES DE MAINTENANCE :<\/p>\n<p>Si vous portez une montre-bracelet tous les jours, vous devriez pr\u00e9voir un entretien apr\u00e8s environ 3 ans.<br \/>\nPour les montres de poche (qui fonctionnent tous les jours) tous les ~5 ans.<br \/>\nPour les grandes montres (qui fonctionnent tous les jours) tous les ~10 ans.<\/p>\n<p>Les huiles d'horlogerie durent au maximum 20 ans (ce qui est d\u00e9j\u00e0 \u00e9norm\u00e9ment long, les processus chimiques, la consommation m\u00e9canique - valse etc., le contact avec l'air, les fluctuations de temp\u00e9rature, etc. !).<br \/>\nApr\u00e8s les heures donn\u00e9es, ils peuvent, par exemple, lors de journ\u00e9es sp\u00e9ciales, remonter les mouvements 3 ou 4 fois dans l'ann\u00e9e et les laisser fonctionner (dans les 20 ans suivant le dernier entretien).<br \/>\nCependant, si vous souhaitez les utiliser \u00e0 nouveau quotidiennement, vous devez faire effectuer un entretien, sinon l'usure sera trop visible et votre prochain entretien sera beaucoup plus co\u00fbteux en raison de ces d\u00e9g\u00e2ts !<br \/>\n&nbsp;<\/p>\n<p>GARANTIE :<\/p>\n<p>Je donne une garantie d'un an sur tous les travaux que je fais et je suis heureux de vous aider par la suite.<br \/>\n&nbsp;<\/p>\n<p>ASTUCE pour le collectionneur de tr\u00e9sors :<\/p>\n<p>Il est pr\u00e9f\u00e9rable d'avoir une PETITE collection de GRANDS tr\u00e9sors que l'inverse.<br \/>\nConcentrez-vous sur quelques unes, mais tr\u00e8s belles choses. Vous pouvez alors \u00e9galement faire entretenir et conserver tous vos tr\u00e9sors dans les meilleures conditions.<br \/>\nCe conseil peut \u00e9galement s'appliquer \u00e0 bien d'autres choses dans la vie xD .<br \/>\n&nbsp;<\/p>\n<p>(EN)<br \/>\nI am your partner for the repair, restoration and maintenance of your mechanical watches and precision mechanical and technical apparatuses under the highest quality standards.<\/p>\n<p>Everything is done with patience, peace, love and heart.<\/p>\n<p>On request a photodocumentation is also made for your commission.<br \/>\nSo you can follow and understand my work.<\/p>\n<p>I make my cost estimates free of charge (except packaging, postage or transport).<\/p>\n<p>For larger clocks &amp; treasures, I recommend packing of a inner carton (\"floating\" padded) in a outer (shipping) carton.<br \/>\n&nbsp;<\/p>\n<p>BASIC PRICE:<\/p>\n<p>In order to save both, me and you, my potential customer, unnecessary back and forth, I will give here a frame of my usual work and prices:<\/p>\n<p>If you give me a clock or fine mechanical apparatus (gramophone, 16mm film camera\/film projector, steamengine, typewriter\/telex, telephone, tin toy, etc.) that is still complete and \"\"ONLY\"\" needs maintenance, the price range is at least CHF 800.- to plus CHF ~1,500.- depending on how complex the mechanics are.<\/p>\n<p>For restorations and repairs, additional work (e.g. production of spare parts, example: one balance shaft = 1 day of work) is added to the basic price.<\/p>\n<p>Photos are taken before disassembly. Everything (%) is dismantled. Everything is corrected and repaired if necessary. Everything is cleaned and polished-(teeth, bearings, pivot). Photos are taken of the cleaned parts. Everything is reassembled and adjusted (e.g. escapement and striking mechanism). Everything is oiled and greased. In the case of watches, the rate is adjusted with the time balance (vibrograph). Test run of the power reserve (often min. 36 hrs.) and for large clocks min. one week of fine adjustment (time keeping).<\/p>\n<p>An oil change like in a car would be nice, but with watches and the like this is completely different.<br \/>\nWith precision mechanics, almost everything is usually dismantled.<br \/>\nTherefore, it usually takes several days of work, especially if the work is CORRECT and of high quality.<br \/>\n&nbsp;<\/p>\n<p>MAINTENANCE INTERVALS:<\/p>\n<p>If you wear a wristwatch every day, you should schedule maintenance after ~3 years.<br \/>\nFor pocket watches (that run every day) every ~5 years.<br \/>\nFor large watches (that run every day) every ~10 years.<\/p>\n<p>Watchmaker's oils last max. 20 years (which is already enormously long, chemical processes, mechanical consumption - fulling etc., air contact, temperature fluctuations, etc.). !).<br \/>\nAccording to the given times, you can, for example, on special days, wind up and run the movements 3 or 4 times a year (within the 20 years after the last maintenance).<br \/>\nHowever, should you wish to use them daily again, you should have them serviced, otherwise the wear and tear will become too noticeable, and your next service will be much more expensive due to this damage!<br \/>\n&nbsp;<\/p>\n<p>GUARANTEE:<\/p>\n<p>I give a one year guarantee on all work I've done and will be happy to help afterwards.<br \/>\n&nbsp;<\/p>\n<p>TIP for the treasure collector:<\/p>\n<p>Rather have a SMALL collection of BIG treasures than the other way around.<br \/>\nConcentrate on a few, but very beautiful things. Then you can also have all your treasures maintained and kept in the best condition.<br \/>\nThis tip can also be applied to many other things in life xD .<\/p>\n<\/div>\n<\/div><\/div><\/div><\/div><\/div><\/div><\/div>","protected":false},"excerpt":{"rendered":"<p>(DE) Ich k\u00fcmmere mich um Ihr Schiff, Ihren Zug (Live Steam und elektrisch), Ihr Flugzeug (leider noch ohne Abbildung) und Ihr Auto &#8230; (FR) Je prends soin de votre bateau, votre train (Live Steam et electrique), votre avion (malheureusement encore sans image) et votre voiture &#8230; (EN) I take care of your Ship, your Train [&hellip;]<\/p>\n","protected":false},"author":1,"featured_media":0,"parent":0,"menu_order":0,"comment_status":"closed","ping_status":"closed","template":"page-templates\/page_fullwidth.php","meta":[],"_links":{"self":[{"href":"https:\/\/gereon-schloesser.ch\/wordpress\/wp-json\/wp\/v2\/pages\/224"}],"collection":[{"href":"https:\/\/gereon-schloesser.ch\/wordpress\/wp-json\/wp\/v2\/pages"}],"about":[{"href":"https:\/\/gereon-schloesser.ch\/wordpress\/wp-json\/wp\/v2\/types\/page"}],"author":[{"embeddable":true,"href":"https:\/\/gereon-schloesser.ch\/wordpress\/wp-json\/wp\/v2\/users\/1"}],"replies":[{"embeddable":true,"href":"https:\/\/gereon-schloesser.ch\/wordpress\/wp-json\/wp\/v2\/comments?post=224"}],"version-history":[{"count":48,"href":"https:\/\/gereon-schloesser.ch\/wordpress\/wp-json\/wp\/v2\/pages\/224\/revisions"}],"predecessor-version":[{"id":1605,"href":"https:\/\/gereon-schloesser.ch\/wordpress\/wp-json\/wp\/v2\/pages\/224\/revisions\/1605"}],"wp:attachment":[{"href":"https:\/\/gereon-schloesser.ch\/wordpress\/wp-json\/wp\/v2\/media?parent=224"}],"curies":[{"name":"wp","href":"https:\/\/api.w.org\/{rel}","templated":true}]}}